{"id":41,"date":"2024-09-17T19:51:33","date_gmt":"2024-09-17T19:51:33","guid":{"rendered":"https:\/\/ujhelyiautomoso.hu\/?page_id=41"},"modified":"2024-11-21T18:50:51","modified_gmt":"2024-11-21T18:50:51","slug":"idopont-foglalas","status":"publish","type":"page","link":"https:\/\/ujhelyiautomoso.hu\/index.php\/idopont-foglalas\/","title":{"rendered":"Id\u0151pont foglal\u00e1s"},"content":{"rendered":"\n<p>Id\u0151pontfoglal\u00e1s az al\u00e1bbi m\u00f3dokon lehets\u00e9ges!<\/p>\n\n\n\n<ul class=\"wp-block-list\">\n<li>Szem\u00e9lyesen: 3980 S\u00e1toralja\u00fajhely Pataki utca 41<\/li>\n\n\n\n<li>Emailben: ujhelyiautomosokozmetika@gmail.com c\u00edmen<\/li>\n\n\n\n<li>Telefonon: +36 70 703 0785 +36 20 261 8012<\/li>\n<\/ul>\n\n\n<button class=\"wappointment_widget\" style=\"display:none\" data-auto-open=\"1\" data-large-version=\"1\" data-close-cross=\"1\" data-button-title=\"Foglal\u00e1s most\">Foglal\u00e1s most<\/button>\n","protected":false},"excerpt":{"rendered":"<p>Id\u0151pontfoglal\u00e1s az al\u00e1bbi m\u00f3dokon lehets\u00e9ges!<\/p>\n","protected":false},"author":1,"featured_media":0,"parent":0,"menu_order":0,"comment_status":"closed","ping_status":"closed","template":"","meta":{"footnotes":""},"class_list":["post-41","page","type-page","status-publish","hentry"],"yoast_head":"<!-- This site is optimized with the Yoast SEO plugin v25.1 - https:\/\/yoast.com\/wordpress\/plugins\/seo\/ -->\n<title>Id\u0151pont foglal\u00e1s - \u00dajhelyi Aut\u00f3mos\u00f3 &amp; Kozmetika<\/title>\n<meta name=\"robots\" content=\"index, follow, max-snippet:-1, max-image-preview:large, max-video-preview:-1\" \/>\n<link rel=\"canonical\" href=\"https:\/\/ujhelyiautomoso.hu\/index.php\/idopont-foglalas\/\" \/>\n<meta property=\"og:locale\" content=\"hu_HU\" \/>\n<meta property=\"og:type\" content=\"article\" \/>\n<meta property=\"og:title\" content=\"Id\u0151pont foglal\u00e1s - \u00dajhelyi Aut\u00f3mos\u00f3 &amp; Kozmetika\" \/>\n<meta property=\"og:description\" content=\"Id\u0151pontfoglal\u00e1s az al\u00e1bbi m\u00f3dokon lehets\u00e9ges!\" \/>\n<meta property=\"og:url\" content=\"https:\/\/ujhelyiautomoso.hu\/index.php\/idopont-foglalas\/\" \/>\n<meta property=\"og:site_name\" content=\"\u00dajhelyi Aut\u00f3mos\u00f3 &amp; Kozmetika\" \/>\n<meta property=\"article:modified_time\" content=\"2024-11-21T18:50:51+00:00\" \/>\n<meta name=\"twitter:card\" content=\"summary_large_image\" \/>\n<meta name=\"twitter:label1\" content=\"Becs\u00fclt olvas\u00e1si id\u0151\" \/>\n\t<meta name=\"twitter:data1\" content=\"1 perc\" \/>\n<script type=\"application\/ld+json\" class=\"yoast-schema-graph\">{\"@context\":\"https:\/\/schema.org\",\"@graph\":[{\"@type\":\"WebPage\",\"@id\":\"https:\/\/ujhelyiautomoso.hu\/index.php\/idopont-foglalas\/\",\"url\":\"https:\/\/ujhelyiautomoso.hu\/index.php\/idopont-foglalas\/\",\"name\":\"Id\u0151pont foglal\u00e1s - \u00dajhelyi Aut\u00f3mos\u00f3 &amp; Kozmetika\",\"isPartOf\":{\"@id\":\"https:\/\/ujhelyiautomoso.hu\/#website\"},\"datePublished\":\"2024-09-17T19:51:33+00:00\",\"dateModified\":\"2024-11-21T18:50:51+00:00\",\"breadcrumb\":{\"@id\":\"https:\/\/ujhelyiautomoso.hu\/index.php\/idopont-foglalas\/#breadcrumb\"},\"inLanguage\":\"hu\",\"potentialAction\":[{\"@type\":\"ReadAction\",\"target\":[\"https:\/\/ujhelyiautomoso.hu\/index.php\/idopont-foglalas\/\"]}]},{\"@type\":\"BreadcrumbList\",\"@id\":\"https:\/\/ujhelyiautomoso.hu\/index.php\/idopont-foglalas\/#breadcrumb\",\"itemListElement\":[{\"@type\":\"ListItem\",\"position\":1,\"name\":\"Kezd\u0151lap\",\"item\":\"https:\/\/ujhelyiautomoso.hu\/\"},{\"@type\":\"ListItem\",\"position\":2,\"name\":\"Id\u0151pont foglal\u00e1s\"}]},{\"@type\":\"WebSite\",\"@id\":\"https:\/\/ujhelyiautomoso.hu\/#website\",\"url\":\"https:\/\/ujhelyiautomoso.hu\/\",\"name\":\"\u00dajhelyi Aut\u00f3mos\u00f3 &amp; Kozmetika\",\"description\":\"\",\"potentialAction\":[{\"@type\":\"SearchAction\",\"target\":{\"@type\":\"EntryPoint\",\"urlTemplate\":\"https:\/\/ujhelyiautomoso.hu\/?s={search_term_string}\"},\"query-input\":{\"@type\":\"PropertyValueSpecification\",\"valueRequired\":true,\"valueName\":\"search_term_string\"}}],\"inLanguage\":\"hu\"}]}<\/script>\n<!-- \/ Yoast SEO plugin. -->","yoast_head_json":{"title":"Id\u0151pont foglal\u00e1s - \u00dajhelyi Aut\u00f3mos\u00f3 &amp; Kozmetika","robots":{"index":"index","follow":"follow","max-snippet":"max-snippet:-1","max-image-preview":"max-image-preview:large","max-video-preview":"max-video-preview:-1"},"canonical":"https:\/\/ujhelyiautomoso.hu\/index.php\/idopont-foglalas\/","og_locale":"hu_HU","og_type":"article","og_title":"Id\u0151pont foglal\u00e1s - \u00dajhelyi Aut\u00f3mos\u00f3 &amp; Kozmetika","og_description":"Id\u0151pontfoglal\u00e1s az al\u00e1bbi m\u00f3dokon lehets\u00e9ges!","og_url":"https:\/\/ujhelyiautomoso.hu\/index.php\/idopont-foglalas\/","og_site_name":"\u00dajhelyi Aut\u00f3mos\u00f3 &amp; Kozmetika","article_modified_time":"2024-11-21T18:50:51+00:00","twitter_card":"summary_large_image","twitter_misc":{"Becs\u00fclt olvas\u00e1si id\u0151":"1 perc"},"schema":{"@context":"https:\/\/schema.org","@graph":[{"@type":"WebPage","@id":"https:\/\/ujhelyiautomoso.hu\/index.php\/idopont-foglalas\/","url":"https:\/\/ujhelyiautomoso.hu\/index.php\/idopont-foglalas\/","name":"Id\u0151pont foglal\u00e1s - \u00dajhelyi Aut\u00f3mos\u00f3 &amp; Kozmetika","isPartOf":{"@id":"https:\/\/ujhelyiautomoso.hu\/#website"},"datePublished":"2024-09-17T19:51:33+00:00","dateModified":"2024-11-21T18:50:51+00:00","breadcrumb":{"@id":"https:\/\/ujhelyiautomoso.hu\/index.php\/idopont-foglalas\/#breadcrumb"},"inLanguage":"hu","potentialAction":[{"@type":"ReadAction","target":["https:\/\/ujhelyiautomoso.hu\/index.php\/idopont-foglalas\/"]}]},{"@type":"BreadcrumbList","@id":"https:\/\/ujhelyiautomoso.hu\/index.php\/idopont-foglalas\/#breadcrumb","itemListElement":[{"@type":"ListItem","position":1,"name":"Kezd\u0151lap","item":"https:\/\/ujhelyiautomoso.hu\/"},{"@type":"ListItem","position":2,"name":"Id\u0151pont foglal\u00e1s"}]},{"@type":"WebSite","@id":"https:\/\/ujhelyiautomoso.hu\/#website","url":"https:\/\/ujhelyiautomoso.hu\/","name":"\u00dajhelyi Aut\u00f3mos\u00f3 &amp; Kozmetika","description":"","potentialAction":[{"@type":"SearchAction","target":{"@type":"EntryPoint","urlTemplate":"https:\/\/ujhelyiautomoso.hu\/?s={search_term_string}"},"query-input":{"@type":"PropertyValueSpecification","valueRequired":true,"valueName":"search_term_string"}}],"inLanguage":"hu"}]}},"_links":{"self":[{"href":"https:\/\/ujhelyiautomoso.hu\/index.php\/wp-json\/wp\/v2\/pages\/41","targetHints":{"allow":["GET"]}}],"collection":[{"href":"https:\/\/ujhelyiautomoso.hu\/index.php\/wp-json\/wp\/v2\/pages"}],"about":[{"href":"https:\/\/ujhelyiautomoso.hu\/index.php\/wp-json\/wp\/v2\/types\/page"}],"author":[{"embeddable":true,"href":"https:\/\/ujhelyiautomoso.hu\/index.php\/wp-json\/wp\/v2\/users\/1"}],"replies":[{"embeddable":true,"href":"https:\/\/ujhelyiautomoso.hu\/index.php\/wp-json\/wp\/v2\/comments?post=41"}],"version-history":[{"count":11,"href":"https:\/\/ujhelyiautomoso.hu\/index.php\/wp-json\/wp\/v2\/pages\/41\/revisions"}],"predecessor-version":[{"id":107,"href":"https:\/\/ujhelyiautomoso.hu\/index.php\/wp-json\/wp\/v2\/pages\/41\/revisions\/107"}],"wp:attachment":[{"href":"https:\/\/ujhelyiautomoso.hu\/index.php\/wp-json\/wp\/v2\/media?parent=41"}],"curies":[{"name":"wp","href":"https:\/\/api.w.org\/{rel}","templated":true}]}}