{"id":21,"date":"2024-09-17T19:15:35","date_gmt":"2024-09-17T19:15:35","guid":{"rendered":"https:\/\/ujhelyiautomoso.hu\/?page_id=21"},"modified":"2024-09-18T18:53:14","modified_gmt":"2024-09-18T18:53:14","slug":"uzletszabalyzat","status":"publish","type":"page","link":"https:\/\/ujhelyiautomoso.hu\/index.php\/uzletszabalyzat\/","title":{"rendered":"\u00dczletszab\u00e1lyzat"},"content":{"rendered":"\n<p class=\"has-large-font-size\"><strong><em>\u00c1rak: <\/em><\/strong><\/p>\n\n\n\n<p class=\"has-large-font-size\"><strong><em>\u00c1raink \u00e1tlagos szennyezetts\u00e9g\u0171 j\u00e1rm\u0171vek tiszt\u00edt\u00e1s\u00e1ra vonatkoznak, \u00e9s t\u00e1j\u00e9koztat\u00f3 jelleg\u0171ek. K\u00fcl\u00f6n\u00f6sen szennyezett j\u00e1rm\u0171vek eset\u00e9n ak\u00e1r 50% fel\u00e1rat is sz\u00e1molhatunk fel. Az \u00e1rak forintban \u00e9rtend\u0151k, \u00e9s az \u00c1FA-t  nem tartalmazz\u00e1k.<\/em><\/strong><\/p>\n\n\n\n<p class=\"has-large-font-size\"><strong><em>Er\u0151sen szennyezett j\u00e1rm\u0171vek:<\/em><\/strong><\/p>\n\n\n\n<p class=\"has-large-font-size\"><strong><em> Er\u0151sen szennyezett j\u00e1rm\u0171vek eset\u00e9n fel\u00e1rat sz\u00e1m\u00edtunk fel. A fel\u00e1r m\u00e9rt\u00e9ke a szennyezetts\u00e9g m\u00e9rt\u00e9k\u00e9t\u0151l \u00e9s a j\u00e1rm\u0171 m\u00e9ret\u00e9t\u0151l f\u00fcgg. A fel\u00e1rat minden esetben egyedileg hat\u00e1rozzuk meg.<\/em><\/strong><\/p>\n\n\n\n<p class=\"has-large-font-size\"><strong><em>Egyedi esetek:<\/em><\/strong><\/p>\n\n\n\n<p class=\"has-large-font-size\"><strong><em> Egyedi esetekben el\u0151fordulhat, hogy nem tudunk minden szennyez\u0151d\u00e9st elt\u00e1vol\u00edtani. Ilyenkor bels\u0151 m\u00e9lytiszt\u00edt\u00e1sra, f\u00e9nyes\u00edt\u00e9sre vagy f\u00e9nyez\u00e9s korrekci\u00f3ra lehet sz\u00fcks\u00e9g (ak\u00e1r spot jellegel). Ezeknek a szolg\u00e1ltat\u00e1soknak az \u00e1ra egyedi meg\u00e1llapod\u00e1s alapj\u00e1n ker\u00fcl meghat\u00e1roz\u00e1sra.<\/em><\/strong><\/p>\n\n\n\n<p class=\"has-large-font-size\"><strong><em>J\u00e1rm\u0171 s\u00e9r\u00fcl\u00e9sek: <\/em><\/strong><\/p>\n\n\n\n<p class=\"has-large-font-size\"><strong><em>Az j\u00e1rm\u0171v\u00f6n megl\u00e9v\u0151 vagy rejtett s\u00e9r\u00fcl\u00e9sek\u00e9rt semmilyen felel\u0151ss\u00e9get nem tudunk v\u00e1llalni. Ez\u00e9rt k\u00e9rj\u00fck, ha tud b\u00e1rmilyen s\u00e9r\u00fcl\u00e9sr\u0151l (k\u0151felver\u0151d\u00e9s, karcol\u00e1s, t\u00f6r\u00f6tt\/repedt elemek, be\u00e1z\u00f3 l\u00e1mp\u00e1k stb.), h\u00edvja r\u00e1 fel a figyelm\u00fcnket, hogy azokon az elemeken k\u00fcl\u00f6n\u00f6sen \u00f3vatosak legy\u00fcnk. Fenntartjuk a jogot, hogy bizonyos s\u00e9r\u00fcl\u00e9sek mellett nem v\u00e1llaljuk el a j\u00e1rm\u0171 tiszt\u00edt\u00e1s\u00e1t.<\/em><\/strong><\/p>\n\n\n\n<p class=\"has-large-font-size\"><strong><em>Es\u0151\/h\u00f3, \u00e9s er\u0151sen szennyezett j\u00e1rm\u0171vek: <\/em><\/strong><\/p>\n\n\n\n<p class=\"has-large-font-size\"><strong><em>A munk\u00e1ra es\u0151ben\/h\u00f3ban \u00e1tvett illetve k\u00fcl\u00f6n\u00f6sen szennyezett j\u00e1rm\u0171vekre minden esetben alapos, k\u00edm\u00e9l\u0151 mos\u00e1s ut\u00e1n tudunk pontos \u00e1rat mondani, mivel ilyen esetekben nem mindig tudjuk meg\u00edt\u00e9lni az aut\u00f3 eszt\u00e9tikai \u00e1llapot\u00e1t.<\/em><\/strong><\/p>\n\n\n\n<p class=\"has-large-font-size\"><strong><em>Motor \u00e9s motort\u00e9r mos\u00e1s:<\/em><\/strong><\/p>\n\n\n\n<p class=\"has-large-font-size\"><strong><em> Motor \u00e9s motort\u00e9r mos\u00e1s sor\u00e1n keletkezett k\u00e1rok\u00e9rt NEM v\u00e1llalunk felel\u0151ss\u00e9get.<\/em><\/strong><\/p>\n\n\n\n<p class=\"has-large-font-size\"><strong><em>Be\u00e1z\u00e1sok:<\/em><\/strong><\/p>\n\n\n\n<p class=\"has-large-font-size\"><strong><em> A szolg\u00e1ltat\u00e1s sor\u00e1n keletkezett be\u00e1z\u00e1sok\u00e9rt felel\u0151ss\u00e9get NEM v\u00e1llalunk.<\/em><\/strong><\/p>\n\n\n\n<p class=\"has-large-font-size\"><strong><em>J\u00e1rm\u0171 lead\u00e1s\u00e1nak \u00e9s \u00e1tv\u00e9tel\u00e9nek szab\u00e1lyai:<\/em><\/strong><\/p>\n\n\n\n<p class=\"has-large-font-size\"><strong><em> Amennyiben a j\u00e1rm\u0171vet a telephely\u00fcnk\u00f6n hagyj\u00e1k \u00e9s a szolg\u00e1ltat\u00e1s elv\u00e9gz\u00e9se \u00e9rdek\u00e9ben \u00e1tvessz\u00fck, \u00fagy azzal elfogadj\u00e1k az itt le\u00edrt \u00fczletszab\u00e1lyzatot. A j\u00e1rm\u0171 lead\u00e1s\u00e1val a tulajdonos elismeri, hogy a felt\u00e9teleket \u00e9s a szab\u00e1lyzatot meg\u00e9rtette, \u00e9s azokat elfogadta.<\/em><\/strong><\/p>\n\n\n\n<p class=\"has-large-font-size\"><strong><em>Meg\u00e9rt\u00e9s\u00fcket k\u00f6sz\u00f6nj\u00fck!<\/em><\/strong><\/p>\n\n\n\n<p class=\"has-large-font-size\"><strong><em>Tov\u00e1bbi inform\u00e1ci\u00f3k:<\/em><\/strong><\/p>\n\n\n\n<p class=\"has-large-font-size\"><strong><em> A szolg\u00e1ltat\u00e1sok ig\u00e9nybev\u00e9tele el\u0151tt k\u00e9rj\u00fck, egyeztessen id\u0151pontot. A szolg\u00e1ltat\u00e1sok \u00e1ra az ig\u00e9nybe vett szolg\u00e1ltat\u00e1sok t\u00edpus\u00e1t\u00f3l \u00e9s a j\u00e1rm\u0171 m\u00e9ret\u00e9t\u0151l f\u00fcgg\u0151en v\u00e1ltozhat. A szolg\u00e1ltat\u00e1st a telephely\u00fcnk\u00f6n v\u00e9gezz\u00fck. A fizet\u00e9s k\u00e9szp\u00e9nzzel vagy \u00e1tutal\u00e1ssal t\u00f6rt\u00e9nhet.<\/em><\/strong><\/p>\n\n\n\n<p class=\"has-large-font-size\"><strong><em>Kapcsolat: <\/em><\/strong><\/p>\n\n\n\n<p class=\"has-large-font-size\"><strong><em>Telefonsz\u00e1m: +36 202618012 <\/em><\/strong> +36 70 703 0785<\/p>\n\n\n\n<p class=\"has-large-font-size\"><strong><em>E-mail c\u00edm: ujhelyiautomosokozmetika@gmail.com<br>Weboldal: wwwujhelyiautomoso.hu<\/em><\/strong><\/p>\n\n\n\n<p class=\"has-large-font-size\"><strong><em>Jogi nyilatkozat: <\/em><\/strong><\/p>\n\n\n\n<p class=\"has-large-font-size\"><strong><em>Ez a Szab\u00e1lyzat a magyar jogszab\u00e1lyoknak megfelel\u0151en ker\u00fclt megfogalmaz\u00e1sra. B\u00e1rmely jogvita eset\u00e9n a magyar b\u00edr\u00f3s\u00e1gok kiz\u00e1r\u00f3lagos joghat\u00f3s\u00e1ga al\u00e1 tartozik.<\/em><\/strong><\/p>\n\n\n\n<p class=\"has-large-font-size\"><strong><em>V\u00e1ltoz\u00e1sok: <\/em><\/strong><\/p>\n\n\n\n<p class=\"has-large-font-size\"><strong><em>Az Aut\u00f3kozmetika fenntartja mag\u00e1nak a jogot, hogy a jelen Szab\u00e1lyzatot b\u00e1rmikor megv\u00e1ltoztassa. A v\u00e1ltoz\u00e1sokr\u00f3l a weboldalunkon \u00e9s a szolg\u00e1ltat\u00e1sok ig\u00e9nybev\u00e9telekor t\u00e1j\u00e9koztatjuk \u00fcgyfeleinket.<\/em><\/strong><\/p>\n","protected":false},"excerpt":{"rendered":"<p>\u00c1rak: \u00c1raink \u00e1tlagos szennyezetts\u00e9g\u0171 j\u00e1rm\u0171vek tiszt\u00edt\u00e1s\u00e1ra vonatkoznak, \u00e9s t\u00e1j\u00e9koztat\u00f3 jelleg\u0171ek. K\u00fcl\u00f6n\u00f6sen szennyezett j\u00e1rm\u0171vek eset\u00e9n ak\u00e1r 50% fel\u00e1rat is sz\u00e1molhatunk fel. Az \u00e1rak forintban \u00e9rtend\u0151k, \u00e9s az \u00c1FA-t nem tartalmazz\u00e1k. Er\u0151sen szennyezett j\u00e1rm\u0171vek: Er\u0151sen szennyezett j\u00e1rm\u0171vek eset\u00e9n fel\u00e1rat sz\u00e1m\u00edtunk fel. A fel\u00e1r m\u00e9rt\u00e9ke a szennyezetts\u00e9g m\u00e9rt\u00e9k\u00e9t\u0151l \u00e9s a j\u00e1rm\u0171 m\u00e9ret\u00e9t\u0151l f\u00fcgg. A fel\u00e1rat minden esetben egyedileg [&hellip;]<\/p>\n","protected":false},"author":1,"featured_media":0,"parent":0,"menu_order":0,"comment_status":"closed","ping_status":"closed","template":"","meta":{"footnotes":""},"class_list":["post-21","page","type-page","status-publish","hentry"],"yoast_head":"<!-- This site is optimized with the Yoast SEO plugin v25.1 - https:\/\/yoast.com\/wordpress\/plugins\/seo\/ -->\n<title>\u00dczletszab\u00e1lyzat - \u00dajhelyi Aut\u00f3mos\u00f3 &amp; Kozmetika<\/title>\n<meta name=\"robots\" content=\"index, follow, max-snippet:-1, max-image-preview:large, max-video-preview:-1\" \/>\n<link rel=\"canonical\" href=\"https:\/\/ujhelyiautomoso.hu\/index.php\/uzletszabalyzat\/\" \/>\n<meta property=\"og:locale\" content=\"hu_HU\" \/>\n<meta property=\"og:type\" content=\"article\" \/>\n<meta property=\"og:title\" content=\"\u00dczletszab\u00e1lyzat - \u00dajhelyi Aut\u00f3mos\u00f3 &amp; Kozmetika\" \/>\n<meta property=\"og:description\" content=\"\u00c1rak: \u00c1raink \u00e1tlagos szennyezetts\u00e9g\u0171 j\u00e1rm\u0171vek tiszt\u00edt\u00e1s\u00e1ra vonatkoznak, \u00e9s t\u00e1j\u00e9koztat\u00f3 jelleg\u0171ek. K\u00fcl\u00f6n\u00f6sen szennyezett j\u00e1rm\u0171vek eset\u00e9n ak\u00e1r 50% fel\u00e1rat is sz\u00e1molhatunk fel. Az \u00e1rak forintban \u00e9rtend\u0151k, \u00e9s az \u00c1FA-t nem tartalmazz\u00e1k. Er\u0151sen szennyezett j\u00e1rm\u0171vek: Er\u0151sen szennyezett j\u00e1rm\u0171vek eset\u00e9n fel\u00e1rat sz\u00e1m\u00edtunk fel. A fel\u00e1r m\u00e9rt\u00e9ke a szennyezetts\u00e9g m\u00e9rt\u00e9k\u00e9t\u0151l \u00e9s a j\u00e1rm\u0171 m\u00e9ret\u00e9t\u0151l f\u00fcgg. A fel\u00e1rat minden esetben egyedileg [&hellip;]\" \/>\n<meta property=\"og:url\" content=\"https:\/\/ujhelyiautomoso.hu\/index.php\/uzletszabalyzat\/\" \/>\n<meta property=\"og:site_name\" content=\"\u00dajhelyi Aut\u00f3mos\u00f3 &amp; Kozmetika\" \/>\n<meta property=\"article:modified_time\" content=\"2024-09-18T18:53:14+00:00\" \/>\n<meta name=\"twitter:card\" content=\"summary_large_image\" \/>\n<meta name=\"twitter:label1\" content=\"Becs\u00fclt olvas\u00e1si id\u0151\" \/>\n\t<meta name=\"twitter:data1\" content=\"2 perc\" \/>\n<script type=\"application\/ld+json\" class=\"yoast-schema-graph\">{\"@context\":\"https:\/\/schema.org\",\"@graph\":[{\"@type\":\"WebPage\",\"@id\":\"https:\/\/ujhelyiautomoso.hu\/index.php\/uzletszabalyzat\/\",\"url\":\"https:\/\/ujhelyiautomoso.hu\/index.php\/uzletszabalyzat\/\",\"name\":\"\u00dczletszab\u00e1lyzat - \u00dajhelyi Aut\u00f3mos\u00f3 &amp; Kozmetika\",\"isPartOf\":{\"@id\":\"https:\/\/ujhelyiautomoso.hu\/#website\"},\"datePublished\":\"2024-09-17T19:15:35+00:00\",\"dateModified\":\"2024-09-18T18:53:14+00:00\",\"breadcrumb\":{\"@id\":\"https:\/\/ujhelyiautomoso.hu\/index.php\/uzletszabalyzat\/#breadcrumb\"},\"inLanguage\":\"hu\",\"potentialAction\":[{\"@type\":\"ReadAction\",\"target\":[\"https:\/\/ujhelyiautomoso.hu\/index.php\/uzletszabalyzat\/\"]}]},{\"@type\":\"BreadcrumbList\",\"@id\":\"https:\/\/ujhelyiautomoso.hu\/index.php\/uzletszabalyzat\/#breadcrumb\",\"itemListElement\":[{\"@type\":\"ListItem\",\"position\":1,\"name\":\"Kezd\u0151lap\",\"item\":\"https:\/\/ujhelyiautomoso.hu\/\"},{\"@type\":\"ListItem\",\"position\":2,\"name\":\"\u00dczletszab\u00e1lyzat\"}]},{\"@type\":\"WebSite\",\"@id\":\"https:\/\/ujhelyiautomoso.hu\/#website\",\"url\":\"https:\/\/ujhelyiautomoso.hu\/\",\"name\":\"\u00dajhelyi Aut\u00f3mos\u00f3 &amp; Kozmetika\",\"description\":\"\",\"potentialAction\":[{\"@type\":\"SearchAction\",\"target\":{\"@type\":\"EntryPoint\",\"urlTemplate\":\"https:\/\/ujhelyiautomoso.hu\/?s={search_term_string}\"},\"query-input\":{\"@type\":\"PropertyValueSpecification\",\"valueRequired\":true,\"valueName\":\"search_term_string\"}}],\"inLanguage\":\"hu\"}]}<\/script>\n<!-- \/ Yoast SEO plugin. -->","yoast_head_json":{"title":"\u00dczletszab\u00e1lyzat - \u00dajhelyi Aut\u00f3mos\u00f3 &amp; Kozmetika","robots":{"index":"index","follow":"follow","max-snippet":"max-snippet:-1","max-image-preview":"max-image-preview:large","max-video-preview":"max-video-preview:-1"},"canonical":"https:\/\/ujhelyiautomoso.hu\/index.php\/uzletszabalyzat\/","og_locale":"hu_HU","og_type":"article","og_title":"\u00dczletszab\u00e1lyzat - \u00dajhelyi Aut\u00f3mos\u00f3 &amp; Kozmetika","og_description":"\u00c1rak: \u00c1raink \u00e1tlagos szennyezetts\u00e9g\u0171 j\u00e1rm\u0171vek tiszt\u00edt\u00e1s\u00e1ra vonatkoznak, \u00e9s t\u00e1j\u00e9koztat\u00f3 jelleg\u0171ek. K\u00fcl\u00f6n\u00f6sen szennyezett j\u00e1rm\u0171vek eset\u00e9n ak\u00e1r 50% fel\u00e1rat is sz\u00e1molhatunk fel. Az \u00e1rak forintban \u00e9rtend\u0151k, \u00e9s az \u00c1FA-t nem tartalmazz\u00e1k. Er\u0151sen szennyezett j\u00e1rm\u0171vek: Er\u0151sen szennyezett j\u00e1rm\u0171vek eset\u00e9n fel\u00e1rat sz\u00e1m\u00edtunk fel. A fel\u00e1r m\u00e9rt\u00e9ke a szennyezetts\u00e9g m\u00e9rt\u00e9k\u00e9t\u0151l \u00e9s a j\u00e1rm\u0171 m\u00e9ret\u00e9t\u0151l f\u00fcgg. A fel\u00e1rat minden esetben egyedileg [&hellip;]","og_url":"https:\/\/ujhelyiautomoso.hu\/index.php\/uzletszabalyzat\/","og_site_name":"\u00dajhelyi Aut\u00f3mos\u00f3 &amp; Kozmetika","article_modified_time":"2024-09-18T18:53:14+00:00","twitter_card":"summary_large_image","twitter_misc":{"Becs\u00fclt olvas\u00e1si id\u0151":"2 perc"},"schema":{"@context":"https:\/\/schema.org","@graph":[{"@type":"WebPage","@id":"https:\/\/ujhelyiautomoso.hu\/index.php\/uzletszabalyzat\/","url":"https:\/\/ujhelyiautomoso.hu\/index.php\/uzletszabalyzat\/","name":"\u00dczletszab\u00e1lyzat - \u00dajhelyi Aut\u00f3mos\u00f3 &amp; Kozmetika","isPartOf":{"@id":"https:\/\/ujhelyiautomoso.hu\/#website"},"datePublished":"2024-09-17T19:15:35+00:00","dateModified":"2024-09-18T18:53:14+00:00","breadcrumb":{"@id":"https:\/\/ujhelyiautomoso.hu\/index.php\/uzletszabalyzat\/#breadcrumb"},"inLanguage":"hu","potentialAction":[{"@type":"ReadAction","target":["https:\/\/ujhelyiautomoso.hu\/index.php\/uzletszabalyzat\/"]}]},{"@type":"BreadcrumbList","@id":"https:\/\/ujhelyiautomoso.hu\/index.php\/uzletszabalyzat\/#breadcrumb","itemListElement":[{"@type":"ListItem","position":1,"name":"Kezd\u0151lap","item":"https:\/\/ujhelyiautomoso.hu\/"},{"@type":"ListItem","position":2,"name":"\u00dczletszab\u00e1lyzat"}]},{"@type":"WebSite","@id":"https:\/\/ujhelyiautomoso.hu\/#website","url":"https:\/\/ujhelyiautomoso.hu\/","name":"\u00dajhelyi Aut\u00f3mos\u00f3 &amp; Kozmetika","description":"","potentialAction":[{"@type":"SearchAction","target":{"@type":"EntryPoint","urlTemplate":"https:\/\/ujhelyiautomoso.hu\/?s={search_term_string}"},"query-input":{"@type":"PropertyValueSpecification","valueRequired":true,"valueName":"search_term_string"}}],"inLanguage":"hu"}]}},"_links":{"self":[{"href":"https:\/\/ujhelyiautomoso.hu\/index.php\/wp-json\/wp\/v2\/pages\/21","targetHints":{"allow":["GET"]}}],"collection":[{"href":"https:\/\/ujhelyiautomoso.hu\/index.php\/wp-json\/wp\/v2\/pages"}],"about":[{"href":"https:\/\/ujhelyiautomoso.hu\/index.php\/wp-json\/wp\/v2\/types\/page"}],"author":[{"embeddable":true,"href":"https:\/\/ujhelyiautomoso.hu\/index.php\/wp-json\/wp\/v2\/users\/1"}],"replies":[{"embeddable":true,"href":"https:\/\/ujhelyiautomoso.hu\/index.php\/wp-json\/wp\/v2\/comments?post=21"}],"version-history":[{"count":7,"href":"https:\/\/ujhelyiautomoso.hu\/index.php\/wp-json\/wp\/v2\/pages\/21\/revisions"}],"predecessor-version":[{"id":58,"href":"https:\/\/ujhelyiautomoso.hu\/index.php\/wp-json\/wp\/v2\/pages\/21\/revisions\/58"}],"wp:attachment":[{"href":"https:\/\/ujhelyiautomoso.hu\/index.php\/wp-json\/wp\/v2\/media?parent=21"}],"curies":[{"name":"wp","href":"https:\/\/api.w.org\/{rel}","templated":true}]}}