{"id":12,"date":"2024-09-17T19:13:30","date_gmt":"2024-09-17T19:13:30","guid":{"rendered":"https:\/\/ujhelyiautomoso.hu\/?page_id=12"},"modified":"2024-09-18T18:48:52","modified_gmt":"2024-09-18T18:48:52","slug":"elerhetosegeink","status":"publish","type":"page","link":"https:\/\/ujhelyiautomoso.hu\/index.php\/elerhetosegeink\/","title":{"rendered":"El\u00e9rhet\u0151s\u00e9geink"},"content":{"rendered":"\n<h4 class=\"wp-block-heading\">Telefon:<\/h4>\n\n\n\n<ul class=\"wp-block-list\">\n<li>+36 70 703 0785<\/li>\n\n\n\n<li>+36202618012<\/li>\n<\/ul>\n\n\n\n<h4 class=\"wp-block-heading\">Email:<\/h4>\n\n\n\n<p>ujhelyiautomosokozmetika@gmail.com<\/p>\n\n\n\n<h4 class=\"wp-block-heading\">C\u00edm\u00fcnk:<\/h4>\n\n\n\n<p>3980 S\u00e1toraljaujhely Pataki utca 41<\/p>\n\n\n\n<p><\/p>\n","protected":false},"excerpt":{"rendered":"<p>Telefon: Email: ujhelyiautomosokozmetika@gmail.com C\u00edm\u00fcnk: 3980 S\u00e1toraljaujhely Pataki utca 41<\/p>\n","protected":false},"author":1,"featured_media":0,"parent":0,"menu_order":0,"comment_status":"closed","ping_status":"closed","template":"","meta":{"footnotes":""},"class_list":["post-12","page","type-page","status-publish","hentry"],"yoast_head":"<!-- This site is optimized with the Yoast SEO plugin v25.1 - https:\/\/yoast.com\/wordpress\/plugins\/seo\/ -->\n<title>El\u00e9rhet\u0151s\u00e9geink - \u00dajhelyi Aut\u00f3mos\u00f3 &amp; Kozmetika<\/title>\n<meta name=\"robots\" content=\"index, follow, max-snippet:-1, max-image-preview:large, max-video-preview:-1\" \/>\n<link rel=\"canonical\" href=\"https:\/\/ujhelyiautomoso.hu\/index.php\/elerhetosegeink\/\" \/>\n<meta property=\"og:locale\" content=\"hu_HU\" \/>\n<meta property=\"og:type\" content=\"article\" \/>\n<meta property=\"og:title\" content=\"El\u00e9rhet\u0151s\u00e9geink - \u00dajhelyi Aut\u00f3mos\u00f3 &amp; Kozmetika\" \/>\n<meta property=\"og:description\" content=\"Telefon: Email: ujhelyiautomosokozmetika@gmail.com C\u00edm\u00fcnk: 3980 S\u00e1toraljaujhely Pataki utca 41\" \/>\n<meta property=\"og:url\" content=\"https:\/\/ujhelyiautomoso.hu\/index.php\/elerhetosegeink\/\" \/>\n<meta property=\"og:site_name\" content=\"\u00dajhelyi Aut\u00f3mos\u00f3 &amp; Kozmetika\" \/>\n<meta property=\"article:modified_time\" content=\"2024-09-18T18:48:52+00:00\" \/>\n<meta name=\"twitter:card\" content=\"summary_large_image\" \/>\n<meta name=\"twitter:label1\" content=\"Becs\u00fclt olvas\u00e1si id\u0151\" \/>\n\t<meta name=\"twitter:data1\" content=\"1 perc\" \/>\n<script type=\"application\/ld+json\" class=\"yoast-schema-graph\">{\"@context\":\"https:\/\/schema.org\",\"@graph\":[{\"@type\":\"WebPage\",\"@id\":\"https:\/\/ujhelyiautomoso.hu\/index.php\/elerhetosegeink\/\",\"url\":\"https:\/\/ujhelyiautomoso.hu\/index.php\/elerhetosegeink\/\",\"name\":\"El\u00e9rhet\u0151s\u00e9geink - \u00dajhelyi Aut\u00f3mos\u00f3 &amp; Kozmetika\",\"isPartOf\":{\"@id\":\"https:\/\/ujhelyiautomoso.hu\/#website\"},\"datePublished\":\"2024-09-17T19:13:30+00:00\",\"dateModified\":\"2024-09-18T18:48:52+00:00\",\"breadcrumb\":{\"@id\":\"https:\/\/ujhelyiautomoso.hu\/index.php\/elerhetosegeink\/#breadcrumb\"},\"inLanguage\":\"hu\",\"potentialAction\":[{\"@type\":\"ReadAction\",\"target\":[\"https:\/\/ujhelyiautomoso.hu\/index.php\/elerhetosegeink\/\"]}]},{\"@type\":\"BreadcrumbList\",\"@id\":\"https:\/\/ujhelyiautomoso.hu\/index.php\/elerhetosegeink\/#breadcrumb\",\"itemListElement\":[{\"@type\":\"ListItem\",\"position\":1,\"name\":\"Kezd\u0151lap\",\"item\":\"https:\/\/ujhelyiautomoso.hu\/\"},{\"@type\":\"ListItem\",\"position\":2,\"name\":\"El\u00e9rhet\u0151s\u00e9geink\"}]},{\"@type\":\"WebSite\",\"@id\":\"https:\/\/ujhelyiautomoso.hu\/#website\",\"url\":\"https:\/\/ujhelyiautomoso.hu\/\",\"name\":\"\u00dajhelyi Aut\u00f3mos\u00f3 &amp; Kozmetika\",\"description\":\"\",\"potentialAction\":[{\"@type\":\"SearchAction\",\"target\":{\"@type\":\"EntryPoint\",\"urlTemplate\":\"https:\/\/ujhelyiautomoso.hu\/?s={search_term_string}\"},\"query-input\":{\"@type\":\"PropertyValueSpecification\",\"valueRequired\":true,\"valueName\":\"search_term_string\"}}],\"inLanguage\":\"hu\"}]}<\/script>\n<!-- \/ Yoast SEO plugin. -->","yoast_head_json":{"title":"El\u00e9rhet\u0151s\u00e9geink - \u00dajhelyi Aut\u00f3mos\u00f3 &amp; Kozmetika","robots":{"index":"index","follow":"follow","max-snippet":"max-snippet:-1","max-image-preview":"max-image-preview:large","max-video-preview":"max-video-preview:-1"},"canonical":"https:\/\/ujhelyiautomoso.hu\/index.php\/elerhetosegeink\/","og_locale":"hu_HU","og_type":"article","og_title":"El\u00e9rhet\u0151s\u00e9geink - \u00dajhelyi Aut\u00f3mos\u00f3 &amp; Kozmetika","og_description":"Telefon: Email: ujhelyiautomosokozmetika@gmail.com C\u00edm\u00fcnk: 3980 S\u00e1toraljaujhely Pataki utca 41","og_url":"https:\/\/ujhelyiautomoso.hu\/index.php\/elerhetosegeink\/","og_site_name":"\u00dajhelyi Aut\u00f3mos\u00f3 &amp; Kozmetika","article_modified_time":"2024-09-18T18:48:52+00:00","twitter_card":"summary_large_image","twitter_misc":{"Becs\u00fclt olvas\u00e1si id\u0151":"1 perc"},"schema":{"@context":"https:\/\/schema.org","@graph":[{"@type":"WebPage","@id":"https:\/\/ujhelyiautomoso.hu\/index.php\/elerhetosegeink\/","url":"https:\/\/ujhelyiautomoso.hu\/index.php\/elerhetosegeink\/","name":"El\u00e9rhet\u0151s\u00e9geink - \u00dajhelyi Aut\u00f3mos\u00f3 &amp; Kozmetika","isPartOf":{"@id":"https:\/\/ujhelyiautomoso.hu\/#website"},"datePublished":"2024-09-17T19:13:30+00:00","dateModified":"2024-09-18T18:48:52+00:00","breadcrumb":{"@id":"https:\/\/ujhelyiautomoso.hu\/index.php\/elerhetosegeink\/#breadcrumb"},"inLanguage":"hu","potentialAction":[{"@type":"ReadAction","target":["https:\/\/ujhelyiautomoso.hu\/index.php\/elerhetosegeink\/"]}]},{"@type":"BreadcrumbList","@id":"https:\/\/ujhelyiautomoso.hu\/index.php\/elerhetosegeink\/#breadcrumb","itemListElement":[{"@type":"ListItem","position":1,"name":"Kezd\u0151lap","item":"https:\/\/ujhelyiautomoso.hu\/"},{"@type":"ListItem","position":2,"name":"El\u00e9rhet\u0151s\u00e9geink"}]},{"@type":"WebSite","@id":"https:\/\/ujhelyiautomoso.hu\/#website","url":"https:\/\/ujhelyiautomoso.hu\/","name":"\u00dajhelyi Aut\u00f3mos\u00f3 &amp; Kozmetika","description":"","potentialAction":[{"@type":"SearchAction","target":{"@type":"EntryPoint","urlTemplate":"https:\/\/ujhelyiautomoso.hu\/?s={search_term_string}"},"query-input":{"@type":"PropertyValueSpecification","valueRequired":true,"valueName":"search_term_string"}}],"inLanguage":"hu"}]}},"_links":{"self":[{"href":"https:\/\/ujhelyiautomoso.hu\/index.php\/wp-json\/wp\/v2\/pages\/12","targetHints":{"allow":["GET"]}}],"collection":[{"href":"https:\/\/ujhelyiautomoso.hu\/index.php\/wp-json\/wp\/v2\/pages"}],"about":[{"href":"https:\/\/ujhelyiautomoso.hu\/index.php\/wp-json\/wp\/v2\/types\/page"}],"author":[{"embeddable":true,"href":"https:\/\/ujhelyiautomoso.hu\/index.php\/wp-json\/wp\/v2\/users\/1"}],"replies":[{"embeddable":true,"href":"https:\/\/ujhelyiautomoso.hu\/index.php\/wp-json\/wp\/v2\/comments?post=12"}],"version-history":[{"count":2,"href":"https:\/\/ujhelyiautomoso.hu\/index.php\/wp-json\/wp\/v2\/pages\/12\/revisions"}],"predecessor-version":[{"id":52,"href":"https:\/\/ujhelyiautomoso.hu\/index.php\/wp-json\/wp\/v2\/pages\/12\/revisions\/52"}],"wp:attachment":[{"href":"https:\/\/ujhelyiautomoso.hu\/index.php\/wp-json\/wp\/v2\/media?parent=12"}],"curies":[{"name":"wp","href":"https:\/\/api.w.org\/{rel}","templated":true}]}}